{"id":264,"date":"2019-05-07T20:58:53","date_gmt":"2019-05-07T17:58:53","guid":{"rendered":"http:\/\/narvasteel.com\/?page_id=264\/"},"modified":"2019-05-07T20:59:13","modified_gmt":"2019-05-07T17:59:13","slug":"expanderat-metallnat","status":"publish","type":"page","link":"https:\/\/narvasteel.com\/sv\/expanderat-metallnat\/","title":{"rendered":"EXPANDERAT METALLN\u00c4T"},"content":{"rendered":"\r\n<div class=\"wp-block-image\">\r\n<figure class=\"alignright\"><img loading=\"lazy\" decoding=\"async\" width=\"347\" height=\"347\" class=\"wp-image-76\" src=\"http:\/\/narvasteel.com\/wp-content\/uploads\/2019\/04\/expanded-drawn_347x347-c.jpg\" alt=\"\" srcset=\"https:\/\/narvasteel.com\/wp-content\/uploads\/2019\/04\/expanded-drawn_347x347-c.jpg 347w, https:\/\/narvasteel.com\/wp-content\/uploads\/2019\/04\/expanded-drawn_347x347-c-150x150.jpg 150w, https:\/\/narvasteel.com\/wp-content\/uploads\/2019\/04\/expanded-drawn_347x347-c-300x300.jpg 300w, https:\/\/narvasteel.com\/wp-content\/uploads\/2019\/04\/expanded-drawn_347x347-c-146x146.jpg 146w, https:\/\/narvasteel.com\/wp-content\/uploads\/2019\/04\/expanded-drawn_347x347-c-50x50.jpg 50w, https:\/\/narvasteel.com\/wp-content\/uploads\/2019\/04\/expanded-drawn_347x347-c-75x75.jpg 75w, https:\/\/narvasteel.com\/wp-content\/uploads\/2019\/04\/expanded-drawn_347x347-c-85x85.jpg 85w, https:\/\/narvasteel.com\/wp-content\/uploads\/2019\/04\/expanded-drawn_347x347-c-80x80.jpg 80w\" sizes=\"auto, (max-width: 347px) 100vw, 347px\" \/><\/figure>\r\n<\/div>\r\n\r\n\r\n\r\n<p><span>Expanderat metalln\u00e4t \u00e4r ett l\u00e4mpligt konstruktionsmaterial.<\/span><\/p>\r\n<p><span>F\u00f6rdelar r\u00e4fflade grid \u00e4r dess enkelhet och anti-slip yta. Prosechnye n\u00e4t har en m\u00e4ngd olika till\u00e4mpningar: r\u00e4cken, skyddande och dekorativa galler, undertak, g\u00e5ngar, trappor, ramper.<\/span><\/p>\r\n<p><strong><span>Material:<\/span><\/strong><span> St\u00e5l svart, rostfritt st\u00e5l, aluminium<\/span><\/p>\r\n<p><strong><span>Pl\u00e4tering:<\/span><\/strong><span> Galvaniserad<\/span><\/p>\r\n<p><strong><span>Cellstorlek:<\/span><\/strong><span> \u00a02,0 Vi &#8211; 147,0 mm<\/span><\/p>\r\n<p><strong><span>Materialtjocklek:<\/span><\/strong><span> \u00a00,5 &#8211; 4,0 mm<\/span><\/p>\r\n<p><strong><span>Standard arkstorlekar:<\/span><\/strong><span> 1000h2000 mm, 1250h2500 mm, mm 1500h3000<\/span><\/p>\r\n<p><span>* Vi utf\u00f6r order p\u00e5 n\u00e4tet \u00e4r inte standardstorlekar.<\/span><\/p>\r\n","protected":false},"excerpt":{"rendered":"<p>Expanderat metalln\u00e4t \u00e4r ett l\u00e4mpligt konstruktionsmaterial. F\u00f6rdelar r\u00e4fflade grid \u00e4r dess enkelhet och anti-slip yta. Prosechnye n\u00e4t har en m\u00e4ngd olika till\u00e4mpningar: r\u00e4cken, skyddande och dekorativa<span class=\"excerpt-hellip\"> [\u2026]<\/span><\/p>\n","protected":false},"author":1,"featured_media":0,"parent":0,"menu_order":0,"comment_status":"closed","ping_status":"closed","template":"","meta":{"footnotes":""},"class_list":["post-264","page","type-page","status-publish","hentry"],"_links":{"self":[{"href":"https:\/\/narvasteel.com\/sv\/wp-json\/wp\/v2\/pages\/264","targetHints":{"allow":["GET"]}}],"collection":[{"href":"https:\/\/narvasteel.com\/sv\/wp-json\/wp\/v2\/pages"}],"about":[{"href":"https:\/\/narvasteel.com\/sv\/wp-json\/wp\/v2\/types\/page"}],"author":[{"embeddable":true,"href":"https:\/\/narvasteel.com\/sv\/wp-json\/wp\/v2\/users\/1"}],"replies":[{"embeddable":true,"href":"https:\/\/narvasteel.com\/sv\/wp-json\/wp\/v2\/comments?post=264"}],"version-history":[{"count":2,"href":"https:\/\/narvasteel.com\/sv\/wp-json\/wp\/v2\/pages\/264\/revisions"}],"predecessor-version":[{"id":266,"href":"https:\/\/narvasteel.com\/sv\/wp-json\/wp\/v2\/pages\/264\/revisions\/266"}],"wp:attachment":[{"href":"https:\/\/narvasteel.com\/sv\/wp-json\/wp\/v2\/media?parent=264"}],"curies":[{"name":"wp","href":"https:\/\/api.w.org\/{rel}","templated":true}]}}