{"id":286,"date":"2019-05-02T15:52:56","date_gmt":"2019-05-02T12:52:56","guid":{"rendered":"http:\/\/narvasteel.com\/%d1%80%d0%b0%d0%b1%d0%b8%d1%86%d0%b0-%d0%b8-%d0%ba%d0%be%d0%bb%d1%8e%d1%87%d0%b0%d1%8f-%d0%bf%d1%80%d0%be%d0%b2%d0%be%d0%bb%d0%be%d0%ba%d0%b0\/"},"modified":"2019-05-07T21:05:16","modified_gmt":"2019-05-07T18:05:16","slug":"%d1%80%d0%b0%d0%b1%d0%b8%d1%86%d0%b0-%d0%b8-%d0%ba%d0%be%d0%bb%d1%8e%d1%87%d0%b0%d1%8f-%d0%bf%d1%80%d0%be%d0%b2%d0%be%d0%bb%d0%be%d0%ba%d0%b0","status":"publish","type":"page","link":"https:\/\/narvasteel.com\/sv\/%d1%80%d0%b0%d0%b1%d0%b8%d1%86%d0%b0-%d0%b8-%d0%ba%d0%be%d0%bb%d1%8e%d1%87%d0%b0%d1%8f-%d0%bf%d1%80%d0%be%d0%b2%d0%be%d0%bb%d0%be%d0%ba%d0%b0\/","title":{"rendered":"NETTING OCH TAGGTR\u00c5D"},"content":{"rendered":"\r\n<div class=\"wp-block-image\">\r\n<figure class=\"alignright\"><img loading=\"lazy\" decoding=\"async\" width=\"347\" height=\"347\" class=\"wp-image-75\" src=\"http:\/\/narvasteel.com\/wp-content\/uploads\/2019\/04\/rabitz-barbed-wire_347x347-c.jpg\" alt=\"\" srcset=\"https:\/\/narvasteel.com\/wp-content\/uploads\/2019\/04\/rabitz-barbed-wire_347x347-c.jpg 347w, https:\/\/narvasteel.com\/wp-content\/uploads\/2019\/04\/rabitz-barbed-wire_347x347-c-150x150.jpg 150w, https:\/\/narvasteel.com\/wp-content\/uploads\/2019\/04\/rabitz-barbed-wire_347x347-c-300x300.jpg 300w, https:\/\/narvasteel.com\/wp-content\/uploads\/2019\/04\/rabitz-barbed-wire_347x347-c-146x146.jpg 146w, https:\/\/narvasteel.com\/wp-content\/uploads\/2019\/04\/rabitz-barbed-wire_347x347-c-50x50.jpg 50w, https:\/\/narvasteel.com\/wp-content\/uploads\/2019\/04\/rabitz-barbed-wire_347x347-c-75x75.jpg 75w, https:\/\/narvasteel.com\/wp-content\/uploads\/2019\/04\/rabitz-barbed-wire_347x347-c-85x85.jpg 85w, https:\/\/narvasteel.com\/wp-content\/uploads\/2019\/04\/rabitz-barbed-wire_347x347-c-80x80.jpg 80w\" sizes=\"auto, (max-width: 347px) 100vw, 347px\" \/><\/figure>\r\n<\/div>\r\n\r\n\r\n\r\n<p><span>Wicker staket eller n\u00e4t det \u00e4r det billigaste och bekv\u00e4m l\u00f6sning f\u00f6r att skydda privata hus, betesmarker, skolor, industriomr\u00e5den. Gallret \u00e4r gjort av v\u00e4rmebehandlat tr\u00e5d galvaniserat st\u00e5l eller galvaniserad st\u00e5ltr\u00e5d belagd med PVC.<\/span><\/p>\r\n<p><span>Dessutom kan du k\u00f6pa stolpar och f\u00e4sten element f\u00f6r n\u00e4tet.<\/span><\/p>\r\n<p><span>\u2022 <\/span><strong><span>gallerh\u00f6jd:<\/span><\/strong><span> 1200 mm, 1500 mm<\/span><\/p>\r\n<p><span>\u2022 <\/span><strong><span>maskstorlek<\/span><\/strong><span> 50&#215;50 mm<\/span><\/p>\r\n<p><span>\u2022 <\/span><strong><span>Tr\u00e5ddiameter:<\/span><\/strong><span> 2 mm, 2,8 mm<\/span><\/p>\r\n<p><span>\u2022 <\/span><strong><span>Bel\u00e4ggning:<\/span><\/strong><span> ZN, ZN + PVC (gr\u00f6n)<\/span><\/p>\r\n<p><span>\u2022 <\/span><strong><span>Rull\u00e4ngd:<\/span><\/strong><span> 25 m<\/span><\/p>\r\n<p><strong><span>taggtr\u00e5d<\/span><\/strong><\/p>\r\n<p><span>Taggtr\u00e5d &#8211; det \u00e4r ett bra komplement till alla typer av st\u00e4ngsel.<\/span><\/p>\r\n<p><span>V\u00e4lja taggtr\u00e5d, h\u00f6jer du 80% tillf\u00f6rlitlighet staket.<\/span><\/p>\r\n<p><span>\u2022\u00a0 <\/span><strong><span>Antalet ryggar:<\/span><\/strong><span> 4<\/span><\/p>\r\n<p><span>\u2022\u00a0 <\/span><strong><span>Tr\u00e5ddiameter:<\/span><\/strong><span> 2,0 Vi mm<\/span><\/p>\r\n<p><span>\u2022\u00a0 <\/span><strong><span>Bearbetning \/ Bel\u00e4ggning:<\/span><\/strong><span> ZN<\/span><\/p>\r\n<p><span>\u2022\u00a0 <\/span><strong><span>Rull\u00e4ngd:<\/span><\/strong><span> 250 m<\/span><\/p>\r\n","protected":false},"excerpt":{"rendered":"<p>Wicker staket eller n\u00e4t det \u00e4r det billigaste och bekv\u00e4m l\u00f6sning f\u00f6r att skydda privata hus, betesmarker, skolor, industriomr\u00e5den. Gallret \u00e4r gjort av v\u00e4rmebehandlat tr\u00e5d galvaniserat<span class=\"excerpt-hellip\"> [\u2026]<\/span><\/p>\n","protected":false},"author":1,"featured_media":0,"parent":0,"menu_order":0,"comment_status":"closed","ping_status":"closed","template":"","meta":{"footnotes":""},"class_list":["post-286","page","type-page","status-publish","hentry"],"_links":{"self":[{"href":"https:\/\/narvasteel.com\/sv\/wp-json\/wp\/v2\/pages\/286","targetHints":{"allow":["GET"]}}],"collection":[{"href":"https:\/\/narvasteel.com\/sv\/wp-json\/wp\/v2\/pages"}],"about":[{"href":"https:\/\/narvasteel.com\/sv\/wp-json\/wp\/v2\/types\/page"}],"author":[{"embeddable":true,"href":"https:\/\/narvasteel.com\/sv\/wp-json\/wp\/v2\/users\/1"}],"replies":[{"embeddable":true,"href":"https:\/\/narvasteel.com\/sv\/wp-json\/wp\/v2\/comments?post=286"}],"version-history":[{"count":1,"href":"https:\/\/narvasteel.com\/sv\/wp-json\/wp\/v2\/pages\/286\/revisions"}],"predecessor-version":[{"id":287,"href":"https:\/\/narvasteel.com\/sv\/wp-json\/wp\/v2\/pages\/286\/revisions\/287"}],"wp:attachment":[{"href":"https:\/\/narvasteel.com\/sv\/wp-json\/wp\/v2\/media?parent=286"}],"curies":[{"name":"wp","href":"https:\/\/api.w.org\/{rel}","templated":true}]}}