{"id":307,"date":"2019-05-02T14:56:26","date_gmt":"2019-05-02T11:56:26","guid":{"rendered":"http:\/\/narvasteel.com\/%d1%80%d0%b5%d1%88%d0%b5%d1%82%d0%ba%d0%b8-%d0%b8-%d1%81%d1%82%d1%83%d0%bf%d0%b5%d0%bd%d0%b8\/"},"modified":"2019-05-07T21:11:29","modified_gmt":"2019-05-07T18:11:29","slug":"%d1%80%d0%b5%d1%88%d0%b5%d1%82%d0%ba%d0%b8-%d0%b8-%d1%81%d1%82%d1%83%d0%bf%d0%b5%d0%bd%d0%b8","status":"publish","type":"page","link":"https:\/\/narvasteel.com\/sv\/%d1%80%d0%b5%d1%88%d0%b5%d1%82%d0%ba%d0%b8-%d0%b8-%d1%81%d1%82%d1%83%d0%bf%d0%b5%d0%bd%d0%b8\/","title":{"rendered":"GALLER OCH STEG"},"content":{"rendered":"\r\n<div class=\"wp-block-image\">\r\n<figure class=\"alignright\"><img loading=\"lazy\" decoding=\"async\" width=\"347\" height=\"347\" class=\"wp-image-74\" src=\"http:\/\/narvasteel.com\/wp-content\/uploads\/2019\/04\/lattices-steps_347x347-c.jpg\" alt=\"\" srcset=\"https:\/\/narvasteel.com\/wp-content\/uploads\/2019\/04\/lattices-steps_347x347-c.jpg 347w, https:\/\/narvasteel.com\/wp-content\/uploads\/2019\/04\/lattices-steps_347x347-c-150x150.jpg 150w, https:\/\/narvasteel.com\/wp-content\/uploads\/2019\/04\/lattices-steps_347x347-c-300x300.jpg 300w, https:\/\/narvasteel.com\/wp-content\/uploads\/2019\/04\/lattices-steps_347x347-c-146x146.jpg 146w, https:\/\/narvasteel.com\/wp-content\/uploads\/2019\/04\/lattices-steps_347x347-c-50x50.jpg 50w, https:\/\/narvasteel.com\/wp-content\/uploads\/2019\/04\/lattices-steps_347x347-c-75x75.jpg 75w, https:\/\/narvasteel.com\/wp-content\/uploads\/2019\/04\/lattices-steps_347x347-c-85x85.jpg 85w, https:\/\/narvasteel.com\/wp-content\/uploads\/2019\/04\/lattices-steps_347x347-c-80x80.jpg 80w\" sizes=\"auto, (max-width: 347px) 100vw, 347px\" \/><\/figure>\r\n<\/div>\r\n\r\n\r\n\r\n<p><strong><span>&#8211; Svetsade och pressade galler<\/span><\/strong><\/p>\r\n<p><span>Lattice st\u00e5l golv \u00e4r en modern, slitstarkt material, som ofta anv\u00e4nds inom industrin och byggbranschen. Det viktigaste inslaget i svetsat gitter \u00e4r en l\u00e4tt vikt och h\u00f6g motst\u00e5ndskraft mot h\u00f6ga belastningar. Gitter med tandade glidh\u00e4mmande yta anv\u00e4nds i omr\u00e5den d\u00e4r det finns en fara med den glidande r\u00f6relsen.\u00a0<\/span><\/p>\r\n<p><span>Svetsade galler \u00e4r konstruerade f\u00f6r tunga transportfordon belastning.<\/span><\/p>\r\n<p><span>Omfattning: g\u00e5ng- och underh\u00e5llsplattformar bel\u00e4ggningsd\u00f6rrmatta av entr\u00e9panelen h\u00e4ngande v\u00e4ggenheter och husfasader och \u00f6verfarter lagerhyllor\u00a0<\/span><\/p>\r\n<p><strong><span>Material:<\/span><\/strong><span> St\u00e5l svart<\/span><\/p>\r\n<p><strong><span>Pl\u00e4tering:<\/span><\/strong><span> Galvaniserad<\/span><\/p>\r\n<p><strong><span>Cellstorlek:<\/span><\/strong><span> \u00a019h50 mm, 34h11 mm, mm 34h76<\/span><\/p>\r\n<p><strong><span>Materialtjocklek:<\/span><\/strong><span> \u00a02,0 Vi &#8211; 5,0 mm<\/span><\/p>\r\n<p><strong><span>Standardstorlekar:<\/span><\/strong><span> \u00a06100h1000 mm<\/span><\/p>\r\n<p><span>H\u00e4r kan du best\u00e4lla d\u00e4ck \u00e4r inte standardstorlekar.<\/span><\/p>\r\n<p><strong><span>&#8211; Metal skede<\/span><\/strong><\/p>\r\n<p><span>Vi erbjuder f\u00e4rdiga skede konstruerad enligt DIN 24531 standard, och bearbetas av varmf\u00f6rzinkning. Nominella storlekar av steg som anges i tabellen, men kan \u00e4ven tillverkas i enlighet med steg storlek som beg\u00e4rts av kunden. Stage \u00e4r en bekv\u00e4m l\u00f6sning f\u00f6r att bygga vanliga trappor i alla former och storlekar.<\/span><\/p>\r\n<p><img loading=\"lazy\" decoding=\"async\" width=\"459\" height=\"360\" class=\"wp-image-97\" src=\"http:\/\/narvasteel.com\/wp-content\/uploads\/2019\/05\/555.jpg\" alt=\"\" srcset=\"https:\/\/narvasteel.com\/wp-content\/uploads\/2019\/05\/555.jpg 459w, https:\/\/narvasteel.com\/wp-content\/uploads\/2019\/05\/555-300x235.jpg 300w, https:\/\/narvasteel.com\/wp-content\/uploads\/2019\/05\/555-186x146.jpg 186w, https:\/\/narvasteel.com\/wp-content\/uploads\/2019\/05\/555-50x39.jpg 50w, https:\/\/narvasteel.com\/wp-content\/uploads\/2019\/05\/555-96x75.jpg 96w\" sizes=\"auto, (max-width: 459px) 100vw, 459px\" \/><\/p>\r\n","protected":false},"excerpt":{"rendered":"<p>&#8211; Svetsade och pressade galler Lattice st\u00e5l golv \u00e4r en modern, slitstarkt material, som ofta anv\u00e4nds inom industrin och byggbranschen. Det viktigaste inslaget i svetsat gitter<span class=\"excerpt-hellip\"> [\u2026]<\/span><\/p>\n","protected":false},"author":1,"featured_media":0,"parent":0,"menu_order":0,"comment_status":"closed","ping_status":"closed","template":"","meta":{"footnotes":""},"class_list":["post-307","page","type-page","status-publish","hentry"],"_links":{"self":[{"href":"https:\/\/narvasteel.com\/sv\/wp-json\/wp\/v2\/pages\/307","targetHints":{"allow":["GET"]}}],"collection":[{"href":"https:\/\/narvasteel.com\/sv\/wp-json\/wp\/v2\/pages"}],"about":[{"href":"https:\/\/narvasteel.com\/sv\/wp-json\/wp\/v2\/types\/page"}],"author":[{"embeddable":true,"href":"https:\/\/narvasteel.com\/sv\/wp-json\/wp\/v2\/users\/1"}],"replies":[{"embeddable":true,"href":"https:\/\/narvasteel.com\/sv\/wp-json\/wp\/v2\/comments?post=307"}],"version-history":[{"count":1,"href":"https:\/\/narvasteel.com\/sv\/wp-json\/wp\/v2\/pages\/307\/revisions"}],"predecessor-version":[{"id":308,"href":"https:\/\/narvasteel.com\/sv\/wp-json\/wp\/v2\/pages\/307\/revisions\/308"}],"wp:attachment":[{"href":"https:\/\/narvasteel.com\/sv\/wp-json\/wp\/v2\/media?parent=307"}],"curies":[{"name":"wp","href":"https:\/\/api.w.org\/{rel}","templated":true}]}}