{"id":330,"date":"2019-05-02T14:51:09","date_gmt":"2019-05-02T11:51:09","guid":{"rendered":"http:\/\/narvasteel.com\/%d1%81%d0%b2%d0%b0%d1%80%d0%bd%d1%8b%d0%b5-%d1%81%d0%b5%d1%82%d0%ba%d0%b8\/"},"modified":"2019-05-07T21:22:42","modified_gmt":"2019-05-07T18:22:42","slug":"%d1%81%d0%b2%d0%b0%d1%80%d0%bd%d1%8b%d0%b5-%d1%81%d0%b5%d1%82%d0%ba%d0%b8","status":"publish","type":"page","link":"https:\/\/narvasteel.com\/sv\/%d1%81%d0%b2%d0%b0%d1%80%d0%bd%d1%8b%d0%b5-%d1%81%d0%b5%d1%82%d0%ba%d0%b8\/","title":{"rendered":"SVETSADE ST\u00c5LTR\u00c5DSN\u00c4T"},"content":{"rendered":"\r\n<p><img loading=\"lazy\" decoding=\"async\" class=\"alignright wp-image-73 size-medium\" src=\"http:\/\/narvasteel.com\/wp-content\/uploads\/2019\/04\/welded-nets_347x347-c-300x300.jpg\" alt=\"\" width=\"300\" height=\"300\" srcset=\"https:\/\/narvasteel.com\/wp-content\/uploads\/2019\/04\/welded-nets_347x347-c-300x300.jpg 300w, https:\/\/narvasteel.com\/wp-content\/uploads\/2019\/04\/welded-nets_347x347-c-150x150.jpg 150w, https:\/\/narvasteel.com\/wp-content\/uploads\/2019\/04\/welded-nets_347x347-c-146x146.jpg 146w, https:\/\/narvasteel.com\/wp-content\/uploads\/2019\/04\/welded-nets_347x347-c-50x50.jpg 50w, https:\/\/narvasteel.com\/wp-content\/uploads\/2019\/04\/welded-nets_347x347-c-75x75.jpg 75w, https:\/\/narvasteel.com\/wp-content\/uploads\/2019\/04\/welded-nets_347x347-c-85x85.jpg 85w, https:\/\/narvasteel.com\/wp-content\/uploads\/2019\/04\/welded-nets_347x347-c-80x80.jpg 80w, https:\/\/narvasteel.com\/wp-content\/uploads\/2019\/04\/welded-nets_347x347-c.jpg 347w\" sizes=\"auto, (max-width: 300px) 100vw, 300px\" \/><\/p>\r\n<p><span>Svetsat n\u00e4t \u00e4r ett popul\u00e4rt material rostfritt st\u00e5l, som anv\u00e4nds inom byggnation och industri. Svetsat n\u00e4t \u00e4r bekv\u00e4mt f\u00f6r installation, eftersom det har en l\u00e5g specifik vikt. Svetsat tr\u00e5dn\u00e4t \u00e4r en praktisk l\u00f6sning f\u00f6r f\u00f6rst\u00e4rkning av staket, grindar, d\u00f6rrar, mellanv\u00e4ggar, innertak och andra dekorativa m\u00f6nster, som \u00e4r viktiga l\u00e4tthet, transparens och h\u00e5llfasthet.<\/span><\/p>\r\n<p><strong><span>Material:<\/span><\/strong><span> St\u00e5l svart, rostfritt st\u00e5l<\/span><\/p>\r\n<p><strong><span>Pl\u00e4tering:<\/span><\/strong><span> Galvaniserad<\/span><\/p>\r\n<p><strong><span>Celldimensioner:<\/span><\/strong><span> \u00a020 &#8211; 50 mm<\/span><\/p>\r\n<p><strong><span>Tr\u00e5ddiameter:<\/span><\/strong><span> \u00a02,0 till 4,0 mm<\/span><\/p>\r\n<p><strong><span>Standard arkstorlekar:<\/span><\/strong><span> 1000h2000 mm, 1250h2500 mm, mm 1500h3000<\/span><\/p>\r\n<p><span>* Vi utf\u00f6r order p\u00e5 n\u00e4tet \u00e4r inte standardstorlekar.<\/span><\/p>\r\n","protected":false},"excerpt":{"rendered":"<p>Svetsat n\u00e4t \u00e4r ett popul\u00e4rt material rostfritt st\u00e5l, som anv\u00e4nds inom byggnation och industri. Svetsat n\u00e4t \u00e4r bekv\u00e4mt f\u00f6r installation, eftersom det har en l\u00e5g specifik<span class=\"excerpt-hellip\"> [\u2026]<\/span><\/p>\n","protected":false},"author":1,"featured_media":0,"parent":0,"menu_order":0,"comment_status":"closed","ping_status":"closed","template":"","meta":{"footnotes":""},"class_list":["post-330","page","type-page","status-publish","hentry"],"_links":{"self":[{"href":"https:\/\/narvasteel.com\/sv\/wp-json\/wp\/v2\/pages\/330","targetHints":{"allow":["GET"]}}],"collection":[{"href":"https:\/\/narvasteel.com\/sv\/wp-json\/wp\/v2\/pages"}],"about":[{"href":"https:\/\/narvasteel.com\/sv\/wp-json\/wp\/v2\/types\/page"}],"author":[{"embeddable":true,"href":"https:\/\/narvasteel.com\/sv\/wp-json\/wp\/v2\/users\/1"}],"replies":[{"embeddable":true,"href":"https:\/\/narvasteel.com\/sv\/wp-json\/wp\/v2\/comments?post=330"}],"version-history":[{"count":1,"href":"https:\/\/narvasteel.com\/sv\/wp-json\/wp\/v2\/pages\/330\/revisions"}],"predecessor-version":[{"id":331,"href":"https:\/\/narvasteel.com\/sv\/wp-json\/wp\/v2\/pages\/330\/revisions\/331"}],"wp:attachment":[{"href":"https:\/\/narvasteel.com\/sv\/wp-json\/wp\/v2\/media?parent=330"}],"curies":[{"name":"wp","href":"https:\/\/api.w.org\/{rel}","templated":true}]}}