{"id":354,"date":"2019-05-02T14:44:42","date_gmt":"2019-05-02T11:44:42","guid":{"rendered":"http:\/\/narvasteel.com\/%d1%82%d0%b5%d1%85%d0%bd%d0%b8%d1%87%d0%b5%d1%81%d0%ba%d0%b0%d1%8f-%d1%82%d0%ba%d0%b0%d0%bd%d1%8c\/"},"modified":"2019-05-07T22:00:15","modified_gmt":"2019-05-07T19:00:15","slug":"%d1%82%d0%b5%d1%85%d0%bd%d0%b8%d1%87%d0%b5%d1%81%d0%ba%d0%b0%d1%8f-%d1%82%d0%ba%d0%b0%d0%bd%d1%8c","status":"publish","type":"page","link":"https:\/\/narvasteel.com\/sv\/%d1%82%d0%b5%d1%85%d0%bd%d0%b8%d1%87%d0%b5%d1%81%d0%ba%d0%b0%d1%8f-%d1%82%d0%ba%d0%b0%d0%bd%d1%8c\/","title":{"rendered":"INDUSTRIELLT TYG"},"content":{"rendered":"\r\n<div class=\"wp-block-image\">\r\n<figure class=\"alignright\"><img loading=\"lazy\" decoding=\"async\" width=\"347\" height=\"347\" class=\"wp-image-72\" src=\"http:\/\/narvasteel.com\/wp-content\/uploads\/2019\/04\/technical-fabric_347x347-c.jpg\" alt=\"\" srcset=\"https:\/\/narvasteel.com\/wp-content\/uploads\/2019\/04\/technical-fabric_347x347-c.jpg 347w, https:\/\/narvasteel.com\/wp-content\/uploads\/2019\/04\/technical-fabric_347x347-c-150x150.jpg 150w, https:\/\/narvasteel.com\/wp-content\/uploads\/2019\/04\/technical-fabric_347x347-c-300x300.jpg 300w, https:\/\/narvasteel.com\/wp-content\/uploads\/2019\/04\/technical-fabric_347x347-c-146x146.jpg 146w, https:\/\/narvasteel.com\/wp-content\/uploads\/2019\/04\/technical-fabric_347x347-c-50x50.jpg 50w, https:\/\/narvasteel.com\/wp-content\/uploads\/2019\/04\/technical-fabric_347x347-c-75x75.jpg 75w, https:\/\/narvasteel.com\/wp-content\/uploads\/2019\/04\/technical-fabric_347x347-c-85x85.jpg 85w, https:\/\/narvasteel.com\/wp-content\/uploads\/2019\/04\/technical-fabric_347x347-c-80x80.jpg 80w\" sizes=\"auto, (max-width: 347px) 100vw, 347px\" \/><\/figure>\r\n<\/div>\r\n\r\n<p><span>Vi levererar teknisk v\u00e4v av rostfritt st\u00e5l.<\/span><\/p>\r\n<p><span>St\u00e5l tyg finns i olika typer och tj\u00e4nar huvudsakligen som sortering och filtrerande ytan.<\/span><\/p>\r\n<p><strong><span>Material:<\/span><\/strong><span> Rostfritt st\u00e5l<\/span><\/p>\r\n<p><strong><span>Celldimensioner: \u00a0<\/span><\/strong><span> 0,1 &#8211; 3,2 mm<\/span><\/p>\r\n<p><strong><span>Tr\u00e5ddiameter:<\/span><\/strong><span> 0,063 &#8211; 1,2 mm<\/span><\/p>\r\n<p><strong><span>Rulle bredd:<\/span><\/strong><span> \u00a01000 mm<\/span><\/p>\r\n<p><strong><span>Rulle l\u00e4ngd:<\/span><\/strong><span> 30 m<\/span><\/p>\r\n<p><span>* H\u00e4r kan du best\u00e4lla dem. tyget \u00e4r inte standardstorlekar.<\/span><\/p>\r\n<!-- \/wp:post-content -->","protected":false},"excerpt":{"rendered":"<p>Vi levererar teknisk v\u00e4v av rostfritt st\u00e5l. St\u00e5l tyg finns i olika typer och tj\u00e4nar huvudsakligen som sortering och filtrerande ytan. Material: Rostfritt st\u00e5l Celldimensioner: \u00a0<span class=\"excerpt-hellip\"> [\u2026]<\/span><\/p>\n","protected":false},"author":1,"featured_media":0,"parent":0,"menu_order":0,"comment_status":"closed","ping_status":"closed","template":"","meta":{"footnotes":""},"class_list":["post-354","page","type-page","status-publish","hentry"],"_links":{"self":[{"href":"https:\/\/narvasteel.com\/sv\/wp-json\/wp\/v2\/pages\/354","targetHints":{"allow":["GET"]}}],"collection":[{"href":"https:\/\/narvasteel.com\/sv\/wp-json\/wp\/v2\/pages"}],"about":[{"href":"https:\/\/narvasteel.com\/sv\/wp-json\/wp\/v2\/types\/page"}],"author":[{"embeddable":true,"href":"https:\/\/narvasteel.com\/sv\/wp-json\/wp\/v2\/users\/1"}],"replies":[{"embeddable":true,"href":"https:\/\/narvasteel.com\/sv\/wp-json\/wp\/v2\/comments?post=354"}],"version-history":[{"count":1,"href":"https:\/\/narvasteel.com\/sv\/wp-json\/wp\/v2\/pages\/354\/revisions"}],"predecessor-version":[{"id":355,"href":"https:\/\/narvasteel.com\/sv\/wp-json\/wp\/v2\/pages\/354\/revisions\/355"}],"wp:attachment":[{"href":"https:\/\/narvasteel.com\/sv\/wp-json\/wp\/v2\/media?parent=354"}],"curies":[{"name":"wp","href":"https:\/\/api.w.org\/{rel}","templated":true}]}}