{"id":375,"date":"2019-05-01T22:59:57","date_gmt":"2019-05-01T19:59:57","guid":{"rendered":"http:\/\/narvasteel.com\/%d1%82%d1%80%d1%83%d0%b1%d1%8b-%d0%b8-%d1%84%d0%b8%d1%82%d0%b8%d0%bd%d0%b3%d0%b8\/"},"modified":"2019-05-07T22:06:19","modified_gmt":"2019-05-07T19:06:19","slug":"%d1%82%d1%80%d1%83%d0%b1%d1%8b-%d0%b8-%d1%84%d0%b8%d1%82%d0%b8%d0%bd%d0%b3%d0%b8","status":"publish","type":"page","link":"https:\/\/narvasteel.com\/sv\/%d1%82%d1%80%d1%83%d0%b1%d1%8b-%d0%b8-%d1%84%d0%b8%d1%82%d0%b8%d0%bd%d0%b3%d0%b8\/","title":{"rendered":"R\u00d6R OCH ARMATUR"},"content":{"rendered":"\r\n<div class=\"wp-block-image\">\r\n<figure class=\"alignright\"><img loading=\"lazy\" decoding=\"async\" width=\"347\" height=\"347\" class=\"wp-image-71\" src=\"http:\/\/narvasteel.com\/wp-content\/uploads\/2019\/04\/pipes-fittings.1_347x347-c.jpg\" alt=\"\" srcset=\"https:\/\/narvasteel.com\/wp-content\/uploads\/2019\/04\/pipes-fittings.1_347x347-c.jpg 347w, https:\/\/narvasteel.com\/wp-content\/uploads\/2019\/04\/pipes-fittings.1_347x347-c-150x150.jpg 150w, https:\/\/narvasteel.com\/wp-content\/uploads\/2019\/04\/pipes-fittings.1_347x347-c-300x300.jpg 300w, https:\/\/narvasteel.com\/wp-content\/uploads\/2019\/04\/pipes-fittings.1_347x347-c-146x146.jpg 146w, https:\/\/narvasteel.com\/wp-content\/uploads\/2019\/04\/pipes-fittings.1_347x347-c-50x50.jpg 50w, https:\/\/narvasteel.com\/wp-content\/uploads\/2019\/04\/pipes-fittings.1_347x347-c-75x75.jpg 75w, https:\/\/narvasteel.com\/wp-content\/uploads\/2019\/04\/pipes-fittings.1_347x347-c-85x85.jpg 85w, https:\/\/narvasteel.com\/wp-content\/uploads\/2019\/04\/pipes-fittings.1_347x347-c-80x80.jpg 80w\" sizes=\"auto, (max-width: 347px) 100vw, 347px\" \/><\/figure>\r\n<\/div>\r\n\r\n\r\n\r\n<p><span>Idag, metallr\u00f6r som ofta anv\u00e4nds inom olika omr\u00e5den. Styrka och h\u00e5llbarhet, utm\u00e4rkt best\u00e4ndighet mot deformation s\u00e4kerst\u00e4ller tillf\u00f6rlitlighet strukturer. Tillverkning och konstruktion, d\u00e4r r\u00f6ren anv\u00e4nds, \u00e4r ganska varierande. St\u00e5lr\u00f6r med n\u00f6dv\u00e4ndig h\u00e5rdvara r\u00f6rledningar f\u00f6r transport av olika v\u00e4tskor och gaser. fyrkantsr\u00f6r har starkare f\u00f6rst\u00e4rkningsribbor och praktiska n\u00e4r man bygger slaktkroppar.<\/span><\/p>\r\n<p><span>Vi erbjuder ett brett utbud av r\u00f6r och r\u00f6rdelar.<\/span><\/p>\r\n<p><span>pl\u00e4terade r\u00f6r<\/span><\/p>\r\n<p><span>r\u00f6r elektriska<\/span><\/p>\r\n<p><span>pannr\u00f6ren<\/span><\/p>\r\n<p><span>r\u00f6rledning tillbeh\u00f6r<\/span><\/p>\r\n<p><span>ventil<\/span><\/p>\r\n","protected":false},"excerpt":{"rendered":"<p>Idag, metallr\u00f6r som ofta anv\u00e4nds inom olika omr\u00e5den. Styrka och h\u00e5llbarhet, utm\u00e4rkt best\u00e4ndighet mot deformation s\u00e4kerst\u00e4ller tillf\u00f6rlitlighet strukturer. Tillverkning och konstruktion, d\u00e4r r\u00f6ren anv\u00e4nds, \u00e4r ganska<span class=\"excerpt-hellip\"> [\u2026]<\/span><\/p>\n","protected":false},"author":1,"featured_media":0,"parent":0,"menu_order":0,"comment_status":"closed","ping_status":"closed","template":"","meta":{"footnotes":""},"class_list":["post-375","page","type-page","status-publish","hentry"],"_links":{"self":[{"href":"https:\/\/narvasteel.com\/sv\/wp-json\/wp\/v2\/pages\/375","targetHints":{"allow":["GET"]}}],"collection":[{"href":"https:\/\/narvasteel.com\/sv\/wp-json\/wp\/v2\/pages"}],"about":[{"href":"https:\/\/narvasteel.com\/sv\/wp-json\/wp\/v2\/types\/page"}],"author":[{"embeddable":true,"href":"https:\/\/narvasteel.com\/sv\/wp-json\/wp\/v2\/users\/1"}],"replies":[{"embeddable":true,"href":"https:\/\/narvasteel.com\/sv\/wp-json\/wp\/v2\/comments?post=375"}],"version-history":[{"count":1,"href":"https:\/\/narvasteel.com\/sv\/wp-json\/wp\/v2\/pages\/375\/revisions"}],"predecessor-version":[{"id":376,"href":"https:\/\/narvasteel.com\/sv\/wp-json\/wp\/v2\/pages\/375\/revisions\/376"}],"wp:attachment":[{"href":"https:\/\/narvasteel.com\/sv\/wp-json\/wp\/v2\/media?parent=375"}],"curies":[{"name":"wp","href":"https:\/\/api.w.org\/{rel}","templated":true}]}}