{"id":396,"date":"2019-05-01T22:44:30","date_gmt":"2019-05-01T19:44:30","guid":{"rendered":"http:\/\/narvasteel.com\/%d1%86%d0%b2%d0%b5%d1%82%d0%bd%d0%be%d0%b9-%d0%bc%d0%b5%d1%82%d0%b0%d0%bb%d0%bb\/"},"modified":"2019-05-07T22:13:17","modified_gmt":"2019-05-07T19:13:17","slug":"%d1%86%d0%b2%d0%b5%d1%82%d0%bd%d0%be%d0%b9-%d0%bc%d0%b5%d1%82%d0%b0%d0%bb%d0%bb","status":"publish","type":"page","link":"https:\/\/narvasteel.com\/sv\/%d1%86%d0%b2%d0%b5%d1%82%d0%bd%d0%be%d0%b9-%d0%bc%d0%b5%d1%82%d0%b0%d0%bb%d0%bb\/","title":{"rendered":"ANDRA METALLER \u00c4N J\u00c4RN"},"content":{"rendered":"\r\n<div class=\"wp-block-image\">\r\n<figure class=\"alignright\"><img loading=\"lazy\" decoding=\"async\" width=\"347\" height=\"347\" class=\"wp-image-70\" src=\"http:\/\/narvasteel.com\/wp-content\/uploads\/2019\/04\/non-ferrous-metal_347x347-c.jpg\" alt=\"\" srcset=\"https:\/\/narvasteel.com\/wp-content\/uploads\/2019\/04\/non-ferrous-metal_347x347-c.jpg 347w, https:\/\/narvasteel.com\/wp-content\/uploads\/2019\/04\/non-ferrous-metal_347x347-c-150x150.jpg 150w, https:\/\/narvasteel.com\/wp-content\/uploads\/2019\/04\/non-ferrous-metal_347x347-c-300x300.jpg 300w, https:\/\/narvasteel.com\/wp-content\/uploads\/2019\/04\/non-ferrous-metal_347x347-c-146x146.jpg 146w, https:\/\/narvasteel.com\/wp-content\/uploads\/2019\/04\/non-ferrous-metal_347x347-c-50x50.jpg 50w, https:\/\/narvasteel.com\/wp-content\/uploads\/2019\/04\/non-ferrous-metal_347x347-c-75x75.jpg 75w, https:\/\/narvasteel.com\/wp-content\/uploads\/2019\/04\/non-ferrous-metal_347x347-c-85x85.jpg 85w, https:\/\/narvasteel.com\/wp-content\/uploads\/2019\/04\/non-ferrous-metal_347x347-c-80x80.jpg 80w\" sizes=\"auto, (max-width: 347px) 100vw, 347px\" \/><\/figure>\r\n<\/div>\r\n\r\n\r\n\r\n<p><span>En av de viktigaste riktningarna av v\u00e5rt f\u00f6retag \u00e4r f\u00f6rverkligandet av varor av aluminium, koppar och legeringar baserade p\u00e5 dessa metaller. Icke-j\u00e4rnmetaller anv\u00e4nds allm\u00e4nt inom olika industrisektorer och i byggandet. P\u00e5 grund av dess egenskaper, har icke-j\u00e4rnmetaller n\u00e5gra alternativ. Vi arbetar endast med p\u00e5litliga, p\u00e5litliga leverant\u00f6rer som erbjuder h\u00f6gkvalitativa produkter.<\/span><\/p>\r\n<p><span>aluminium<\/span><\/p>\r\n<p><span>koppar<\/span><\/p>\r\n<p><span>brons<\/span><\/p>\r\n<p><span>m\u00e4ssing<\/span><\/p>\r\n<p><span>Titan<\/span><\/p>\r\n<p><span>zink<\/span><\/p>\r\n<p><span>babbitt<\/span><\/p>\r\n<p><span>tenn<\/span><\/p>\r\n<p><span>nickel<\/span><\/p>\r\n","protected":false},"excerpt":{"rendered":"<p>En av de viktigaste riktningarna av v\u00e5rt f\u00f6retag \u00e4r f\u00f6rverkligandet av varor av aluminium, koppar och legeringar baserade p\u00e5 dessa metaller. Icke-j\u00e4rnmetaller anv\u00e4nds allm\u00e4nt inom olika<span class=\"excerpt-hellip\"> [\u2026]<\/span><\/p>\n","protected":false},"author":1,"featured_media":0,"parent":0,"menu_order":0,"comment_status":"closed","ping_status":"closed","template":"","meta":{"footnotes":""},"class_list":["post-396","page","type-page","status-publish","hentry"],"_links":{"self":[{"href":"https:\/\/narvasteel.com\/sv\/wp-json\/wp\/v2\/pages\/396","targetHints":{"allow":["GET"]}}],"collection":[{"href":"https:\/\/narvasteel.com\/sv\/wp-json\/wp\/v2\/pages"}],"about":[{"href":"https:\/\/narvasteel.com\/sv\/wp-json\/wp\/v2\/types\/page"}],"author":[{"embeddable":true,"href":"https:\/\/narvasteel.com\/sv\/wp-json\/wp\/v2\/users\/1"}],"replies":[{"embeddable":true,"href":"https:\/\/narvasteel.com\/sv\/wp-json\/wp\/v2\/comments?post=396"}],"version-history":[{"count":1,"href":"https:\/\/narvasteel.com\/sv\/wp-json\/wp\/v2\/pages\/396\/revisions"}],"predecessor-version":[{"id":397,"href":"https:\/\/narvasteel.com\/sv\/wp-json\/wp\/v2\/pages\/396\/revisions\/397"}],"wp:attachment":[{"href":"https:\/\/narvasteel.com\/sv\/wp-json\/wp\/v2\/media?parent=396"}],"curies":[{"name":"wp","href":"https:\/\/api.w.org\/{rel}","templated":true}]}}